{"id":5965,"date":"2023-08-18T10:03:20","date_gmt":"2023-08-18T10:03:20","guid":{"rendered":"https:\/\/fabrik.vamtam.com\/?page_id=5965"},"modified":"2025-05-28T14:49:50","modified_gmt":"2025-05-28T14:49:50","slug":"mariateresa","status":"publish","type":"page","link":"https:\/\/benavideshernandez.cl\/index.php\/equipo\/mariateresa\/","title":{"rendered":"Maria Teresa Benavides Cifuentes"},"content":{"rendered":"<div class=\"vgblk-rw-wrapper limit-wrapper\">\n<style>\/*! elementor - v3.15.0 - 20-08-2023 *\/<br \/>\n.elementor-widget-social-icons.elementor-grid-0 .elementor-widget-container,.elementor-widget-social-icons.elementor-grid-mobile-0 .elementor-widget-container,.elementor-widget-social-icons.elementor-grid-tablet-0 .elementor-widget-container{line-height:1;font-size:0}.elementor-widget-social-icons:not(.elementor-grid-0):not(.elementor-grid-tablet-0):not(.elementor-grid-mobile-0) .elementor-grid{display:inline-grid}.elementor-widget-social-icons .elementor-grid{grid-column-gap:var(--grid-column-gap,5px);grid-row-gap:var(--grid-row-gap,5px);grid-template-columns:var(--grid-template-columns);justify-content:var(--justify-content,center);justify-items:var(--justify-content,center)}.elementor-icon.elementor-social-icon{font-size:var(--icon-size,25px);line-height:var(--icon-size,25px);width:calc(var(--icon-size, 25px) + (2 * var(--icon-padding, .5em)));height:calc(var(--icon-size, 25px) + (2 * var(--icon-padding, .5em)))}.elementor-social-icon{--e-social-icon-icon-color:#fff;display:inline-flex;background-color:#69727d;align-items:center;justify-content:center;text-align:center;cursor:pointer}.elementor-social-icon i{color:var(--e-social-icon-icon-color)}.elementor-social-icon svg{fill:var(--e-social-icon-icon-color)}.elementor-social-icon:last-child{margin:0}.elementor-social-icon:hover{opacity:.9;color:#fff}.elementor-social-icon-android{background-color:#a4c639}.elementor-social-icon-apple{background-color:#999}.elementor-social-icon-behance{background-color:#1769ff}.elementor-social-icon-bitbucket{background-color:#205081}.elementor-social-icon-codepen{background-color:#000}.elementor-social-icon-delicious{background-color:#39f}.elementor-social-icon-deviantart{background-color:#05cc47}.elementor-social-icon-digg{background-color:#005be2}.elementor-social-icon-dribbble{background-color:#ea4c89}.elementor-social-icon-elementor{background-color:#d30c5c}.elementor-social-icon-envelope{background-color:#ea4335}.elementor-social-icon-facebook,.elementor-social-icon-facebook-f{background-color:#3b5998}.elementor-social-icon-flickr{background-color:#0063dc}.elementor-social-icon-foursquare{background-color:#2d5be3}.elementor-social-icon-free-code-camp,.elementor-social-icon-freecodecamp{background-color:#006400}.elementor-social-icon-github{background-color:#333}.elementor-social-icon-gitlab{background-color:#e24329}.elementor-social-icon-globe{background-color:#69727d}.elementor-social-icon-google-plus,.elementor-social-icon-google-plus-g{background-color:#dd4b39}.elementor-social-icon-houzz{background-color:#7ac142}.elementor-social-icon-instagram{background-color:#262626}.elementor-social-icon-jsfiddle{background-color:#487aa2}.elementor-social-icon-link{background-color:#818a91}.elementor-social-icon-linkedin,.elementor-social-icon-linkedin-in{background-color:#0077b5}.elementor-social-icon-medium{background-color:#00ab6b}.elementor-social-icon-meetup{background-color:#ec1c40}.elementor-social-icon-mixcloud{background-color:#273a4b}.elementor-social-icon-odnoklassniki{background-color:#f4731c}.elementor-social-icon-pinterest{background-color:#bd081c}.elementor-social-icon-product-hunt{background-color:#da552f}.elementor-social-icon-reddit{background-color:#ff4500}.elementor-social-icon-rss{background-color:#f26522}.elementor-social-icon-shopping-cart{background-color:#4caf50}.elementor-social-icon-skype{background-color:#00aff0}.elementor-social-icon-slideshare{background-color:#0077b5}.elementor-social-icon-snapchat{background-color:#fffc00}.elementor-social-icon-soundcloud{background-color:#f80}.elementor-social-icon-spotify{background-color:#2ebd59}.elementor-social-icon-stack-overflow{background-color:#fe7a15}.elementor-social-icon-steam{background-color:#00adee}.elementor-social-icon-stumbleupon{background-color:#eb4924}.elementor-social-icon-telegram{background-color:#2ca5e0}.elementor-social-icon-thumb-tack{background-color:#1aa1d8}.elementor-social-icon-tripadvisor{background-color:#589442}.elementor-social-icon-tumblr{background-color:#35465c}.elementor-social-icon-twitch{background-color:#6441a5}.elementor-social-icon-twitter{background-color:#1da1f2}.elementor-social-icon-viber{background-color:#665cac}.elementor-social-icon-vimeo{background-color:#1ab7ea}.elementor-social-icon-vk{background-color:#45668e}.elementor-social-icon-weibo{background-color:#dd2430}.elementor-social-icon-weixin{background-color:#31a918}.elementor-social-icon-whatsapp{background-color:#25d366}.elementor-social-icon-wordpress{background-color:#21759b}.elementor-social-icon-xing{background-color:#026466}.elementor-social-icon-yelp{background-color:#af0606}.elementor-social-icon-youtube{background-color:#cd201f}.elementor-social-icon-500px{background-color:#0099e5}.elementor-shape-rounded .elementor-icon.elementor-social-icon{border-radius:10%}.elementor-shape-circle .elementor-icon.elementor-social-icon{border-radius:50%}<\/style>\n<p><a href=\"https:\/\/www.linkedin.com\/company\/magna-international\/\" target=\"_blank\" rel=\"noopener\"><br \/>\n<\/a><a target=\"_blank\" rel=\"noopener\"><strong data-start=\"160\" data-end=\"189\">Mar\u00eda Teresa Benavides C.<\/strong><br data-start=\"189\" data-end=\"192\" \/><strong data-start=\"192\" data-end=\"261\">Directora General de Benavides &amp; Hern\u00e1ndez Abogados y Outsourcing<\/strong><\/a><\/p>\n<p data-start=\"263\" data-end=\"572\">Abogada de la Universidad de Talca, con m\u00e1s de 10 a\u00f1os de experiencia en litigios civiles, comerciales y laborales. A lo largo de su trayectoria profesional ha complementado su formaci\u00f3n con estudios de especializaci\u00f3n en materias comerciales, derecho laboral, reestructuraci\u00f3n de activos y derecho concursal.<\/p>\n<p data-start=\"574\" data-end=\"968\">Como socia fundadora y Directora General de Benavides &amp; Hern\u00e1ndez Abogados y Outsourcing, lidera un equipo multidisciplinario orientado a entregar soluciones jur\u00eddicas integrales y estrat\u00e9gicas para empresas. Su experiencia combina una s\u00f3lida pr\u00e1ctica en litigaci\u00f3n con una destacada labor en asesor\u00eda empresarial, particularmente en el \u00e1mbito laboral y en procesos de reorganizaci\u00f3n y quiebra.<\/p>\n<p data-start=\"970\" data-end=\"1191\">Mar\u00eda Teresa se distingue por su enfoque estrat\u00e9gico, su compromiso con la excelencia profesional y su capacidad para abordar desaf\u00edos complejos con una mirada orientada a los resultados y a la sostenibilidad del negocio.<\/p>\n<\/div>\n<p><!-- .vgblk-rw-wrapper --><\/p>\n","protected":false},"excerpt":{"rendered":"<p>Abogada y Directora General<\/p>\n","protected":false},"author":1,"featured_media":988061,"parent":129,"menu_order":0,"comment_status":"closed","ping_status":"closed","template":"","meta":{"footnotes":""},"class_list":["post-5965","page","type-page","status-publish","has-post-thumbnail","hentry"],"_links":{"self":[{"href":"https:\/\/benavideshernandez.cl\/index.php\/wp-json\/wp\/v2\/pages\/5965","targetHints":{"allow":["GET"]}}],"collection":[{"href":"https:\/\/benavideshernandez.cl\/index.php\/wp-json\/wp\/v2\/pages"}],"about":[{"href":"https:\/\/benavideshernandez.cl\/index.php\/wp-json\/wp\/v2\/types\/page"}],"author":[{"embeddable":true,"href":"https:\/\/benavideshernandez.cl\/index.php\/wp-json\/wp\/v2\/users\/1"}],"replies":[{"embeddable":true,"href":"https:\/\/benavideshernandez.cl\/index.php\/wp-json\/wp\/v2\/comments?post=5965"}],"version-history":[{"count":14,"href":"https:\/\/benavideshernandez.cl\/index.php\/wp-json\/wp\/v2\/pages\/5965\/revisions"}],"predecessor-version":[{"id":988078,"href":"https:\/\/benavideshernandez.cl\/index.php\/wp-json\/wp\/v2\/pages\/5965\/revisions\/988078"}],"up":[{"embeddable":true,"href":"https:\/\/benavideshernandez.cl\/index.php\/wp-json\/wp\/v2\/pages\/129"}],"wp:featuredmedia":[{"embeddable":true,"href":"https:\/\/benavideshernandez.cl\/index.php\/wp-json\/wp\/v2\/media\/988061"}],"wp:attachment":[{"href":"https:\/\/benavideshernandez.cl\/index.php\/wp-json\/wp\/v2\/media?parent=5965"}],"curies":[{"name":"wp","href":"https:\/\/api.w.org\/{rel}","templated":true}]}}